{"id":294,"date":"2016-11-23T06:50:44","date_gmt":"2016-11-23T05:50:44","guid":{"rendered":"http:\/\/www.topolcianky.com\/?page_id=294"},"modified":"2017-05-02T17:20:35","modified_gmt":"2017-05-02T15:20:35","slug":"cookies","status":"publish","type":"page","link":"https:\/\/www.topolcianky.com\/en\/cookies\/","title":{"rendered":"Inform\u00e1cia o cookies"},"content":{"rendered":"<div class=\"entry-content\">\n<h3 style=\"text-align: justify;\">Cookies<\/h3>\n<p style=\"text-align: justify;\">S cie\u013eom zabezpe\u010di\u0165 optim\u00e1lne fungovanie na\u0161ich webov\u00fdch str\u00e1nok sa na va\u0161om zariaden\u00ed ukladaj\u00fa mal\u00e9 d\u00e1tov\u00e9 s\u00fabory, tzv. cookies. Cookies s\u00fa mal\u00e9 s\u00fabory, ktor\u00e9 webov\u00e1 str\u00e1nka uklad\u00e1 vo Va\u0161om zariaden\u00ed pri jej prehliadan\u00ed. V\u010faka n\u00edm si webov\u00e1 str\u00e1nka na ur\u010dit\u00fd \u010das pam\u00e4t\u00e1 inform\u00e1cie o va\u0161ich nastaveniach, tak\u017ee ich nemus\u00edte zaka\u017ed\u00fdm uv\u00e1dza\u0165. Nezhroma\u017e\u010fujeme nimi osobn\u00e9 \u00fadaje, ani ich neposkytujeme tret\u00edm stran\u00e1m. Ka\u017ed\u00fd n\u00e1v\u0161tevn\u00edk prezeran\u00edm na\u0161ej webovej str\u00e1nky s\u00fahlas\u00ed s pou\u017e\u00edvan\u00edm a ukladan\u00edm s\u00faborov cookies, na str\u00e1nke je upozornen\u00fd na pou\u017e\u00edvanie t\u00fdchto s\u00faborov a svoj s\u00fahlas prejavuje jej \u010fal\u0161\u00edm prezeran\u00edm.<\/p>\n<p style=\"text-align: justify;\"><strong>Ako s\u00fabory cookies pou\u017e\u00edvame?<br \/>\n<\/strong>Na\u0161e webov\u00e9 str\u00e1nky pou\u017e\u00edvaj\u00fa s\u00fabory cookies na zapam\u00e4tanie si pou\u017eivate\u013esk\u00fdch nastaven\u00ed a nevyhnutn\u00fa funkcionalitu str\u00e1nok. Pou\u017e\u00edvaj\u00fa sa v z\u00e1sade dva typy cookies \u2013 do\u010dasn\u00e9 a trval\u00e9. Do\u010dasn\u00e9 zost\u00e1vaj\u00fa na va\u0161om zariaden\u00ed, pokia\u013e sa neodhl\u00e1site z webov\u00fdch str\u00e1nok, alebo ich nezak\u00e1\u017eete vo webovom prehliada\u010di. Trval\u00e9 zost\u00e1vaj\u00fa na va\u0161om zariaden\u00ed po dobu zadan\u00fa v parametroch cookies, alebo pokia\u013e ich ru\u010dne nezma\u017eete. S\u00fabory cookies vyu\u017e\u00edva na\u0161e multijazy\u010dn\u00e9 rozhranie, ktor\u00e9 si v\u010faka nim pam\u00e4t\u00e1 zvolen\u00fd jazyk, tj. \u010di sa V\u00e1m str\u00e1nky zobrazuj\u00fa v sloven\u010dine, angli\u010dtine, alebo inom jazyku z ponuky, a tie\u017e webov\u00e9 n\u00e1stroje spolo\u010dnosti Google, v\u010faka ktor\u00fdm dok\u00e1\u017eeme na str\u00e1nke zobrazova\u0165 mapov\u00e9 \u00fadaje.<\/p>\n<p style=\"text-align: justify;\"><strong>Ako kontrolova\u0165 tieto s\u00fabory?<br \/>\n<\/strong>S\u00fabory cookies m\u00f4\u017eete kontrolova\u0165 alebo maza\u0165 pod\u013ea uv\u00e1\u017eenia (viac na str\u00e1nke aboutcookies.org). M\u00f4\u017eete vymaza\u0165 v\u0161etky s\u00fabory cookie ulo\u017een\u00e9 vo svojom po\u010d\u00edta\u010di a v\u00e4\u010d\u0161inu prehliada\u010dov m\u00f4\u017eete nastavi\u0165 tak, aby cookies neukladali. Funk\u010dnos\u0165 str\u00e1nok v\u0161ak v takomto pr\u00edpade m\u00f4\u017ee by\u0165 limitovan\u00e1.<\/p>\n<p style=\"text-align: justify;\"><strong>Ako odmietnu\u0165 pou\u017e\u00edvanie s\u00faborov cookie?<br \/>\n<\/strong>Pou\u017e\u00edvanie s\u00faborov cookie je mo\u017en\u00e9 nastavi\u0165 pomocou V\u00e1\u0161ho internetov\u00e9ho prehliada\u010da, vo v\u00fdchodiskovom nastaven\u00ed b\u00fdvaj\u00fa spravidla povolen\u00e9.<\/p>\n<\/div>","protected":false},"excerpt":{"rendered":"<p>Cookies S cie\u013eom zabezpe\u010di\u0165 optim\u00e1lne fungovanie na\u0161ich webov\u00fdch str\u00e1nok sa na va\u0161om zariaden\u00ed ukladaj\u00fa mal\u00e9 d\u00e1tov\u00e9 s\u00fabory, tzv. cookies. Cookies s\u00fa mal\u00e9 s\u00fabory, ktor\u00e9 webov\u00e1 str\u00e1nka uklad\u00e1 vo Va\u0161om zariaden\u00ed pri jej prehliadan\u00ed. V\u010faka n\u00edm si webov\u00e1 str\u00e1nka na ur\u010dit\u00fd \u010das pam\u00e4t\u00e1 inform\u00e1cie o va\u0161ich nastaveniach, tak\u017ee ich nemus\u00edte zaka\u017ed\u00fdm uv\u00e1dza\u0165. Nezhroma\u017e\u010fujeme nimi osobn\u00e9 \u00fadaje, [&hellip;]<\/p>","protected":false},"author":2,"featured_media":0,"parent":0,"menu_order":999,"comment_status":"closed","ping_status":"closed","template":"","meta":{"footnotes":""},"class_list":["post-294","page","type-page","status-publish","hentry"],"_links":{"self":[{"href":"https:\/\/www.topolcianky.com\/en\/wp-json\/wp\/v2\/pages\/294","targetHints":{"allow":["GET"]}}],"collection":[{"href":"https:\/\/www.topolcianky.com\/en\/wp-json\/wp\/v2\/pages"}],"about":[{"href":"https:\/\/www.topolcianky.com\/en\/wp-json\/wp\/v2\/types\/page"}],"author":[{"embeddable":true,"href":"https:\/\/www.topolcianky.com\/en\/wp-json\/wp\/v2\/users\/2"}],"replies":[{"embeddable":true,"href":"https:\/\/www.topolcianky.com\/en\/wp-json\/wp\/v2\/comments?post=294"}],"version-history":[{"count":5,"href":"https:\/\/www.topolcianky.com\/en\/wp-json\/wp\/v2\/pages\/294\/revisions"}],"predecessor-version":[{"id":314,"href":"https:\/\/www.topolcianky.com\/en\/wp-json\/wp\/v2\/pages\/294\/revisions\/314"}],"wp:attachment":[{"href":"https:\/\/www.topolcianky.com\/en\/wp-json\/wp\/v2\/media?parent=294"}],"curies":[{"name":"wp","href":"https:\/\/api.w.org\/{rel}","templated":true}]}}