{"id":44,"date":"2016-02-06T18:27:08","date_gmt":"2016-02-06T17:27:08","guid":{"rendered":"http:\/\/topolcianky.com\/?page_id=44"},"modified":"2025-06-12T07:56:19","modified_gmt":"2025-06-12T05:56:19","slug":"x","status":"publish","type":"page","link":"https:\/\/www.topolcianky.com\/en\/","title":{"rendered":"Hlavn\u00e1 str\u00e1nka"},"content":{"rendered":"<div id='av_section_1'  class='avia-section av-s830-f7e143bffc53fbd10f759ca082e66bb3 main_color avia-section-default avia-no-border-styling  avia-builder-el-0  avia-builder-el-no-sibling  avia-bg-style-scroll av-minimum-height av-minimum-height-100 av-height-100  container_wrap fullsize'   data-av_minimum_height_pc='100' data-av_min_height_opt='100'><div class='container av-section-cont-open' ><main  role=\"main\" itemprop=\"mainContentOfPage\"  class='template-page content  av-content-full alpha units'><div class='post-entry post-entry-type-page post-entry-44'><div class='entry-content-wrapper clearfix'>\n<div id='av-masonry-1' class='av-masonry av-3zu74-0499e2bfcdecdb585602a00b694292c5 noHover av-fixed-size av-1px-gap av-hover-overlay-active av-masonry-animation-active av-masonry-col-3 av-caption-on-hover av-caption-style-overlay av-masonry-gallery' data-post_id=\"44\"><div class=\"av-masonry-container isotope av-js-disabled\"><div class='av-masonry-entry isotope-item av-masonry-item-no-image'><\/div><a href=\"http:\/\/www.zamok-topolcianky.sk\/main.php?menu=1&amp;lang=sk\"  aria-label=\"image Kr\u00e1sny z\u00e1mok\"  id='av-masonry-1-item-233' data-av-masonry-item='233' class='av-masonry-entry isotope-item post-233 attachment type-attachment status-inherit hentry media_category-promo  av-masonry-item-with-image' title=\"Castle\" alt=\"\"  data-av-masonry-custom-link=\"http:\/\/www.zamok-topolcianky.sk\/main.php?menu=1&#038;lang=sk\"  itemprop=\"thumbnailUrl\" ><div class='av-inner-masonry-sizer'><\/div><figure class='av-inner-masonry main_color'><div class=\"av-masonry-outerimage-container\"><div class='av-masonry-image-container' style=\"background-image: url(https:\/\/www.topolcianky.com\/_www\/wp-content\/uploads\/2016\/02\/IMG_1109-720x540.jpg);\"  title=\"Castle\" ><\/div><\/div><figcaption class='av-inner-masonry-content site-background'><div class='av-inner-masonry-content-pos'><div class='av-inner-masonry-content-pos-content'><div class='avia-arrow'><\/div><h3 class='av-masonry-entry-title entry-title'  itemprop=\"headline\" >Castle<\/h3><\/div><\/div><\/figcaption><\/figure><\/a><!--end av-masonry entry--><a href=\"http:\/\/sk.nztopolcianky.sk\/\"  aria-label=\"image N\u00e1rodn\u00fd \u017ereb\u010d\u00edn\"  id='av-masonry-1-item-247' data-av-masonry-item='247' class='av-masonry-entry isotope-item post-247 attachment type-attachment status-inherit hentry media_category-promo  av-masonry-item-with-image' title=\"National Stud Centre\" alt=\"\"  data-av-masonry-custom-link=\"http:\/\/sk.nztopolcianky.sk\/\"  itemprop=\"thumbnailUrl\" ><div class='av-inner-masonry-sizer'><\/div><figure class='av-inner-masonry main_color'><div class=\"av-masonry-outerimage-container\"><div class='av-masonry-image-container' style=\"background-image: url(https:\/\/www.topolcianky.com\/_www\/wp-content\/uploads\/2016\/02\/P1200015-1-720x540.jpg);\"  title=\"National Stud Centre\" ><\/div><\/div><figcaption class='av-inner-masonry-content site-background'><div class='av-inner-masonry-content-pos'><div class='av-inner-masonry-content-pos-content'><div class='avia-arrow'><\/div><h3 class='av-masonry-entry-title entry-title'  itemprop=\"headline\" >National Stud Centre<\/h3><\/div><\/div><\/figcaption><\/figure><\/a><!--end av-masonry entry--><a href=\"http:\/\/www.vinotop.sk\/pages\/en\/about-us.php?lang=EN\"  aria-label=\"image Vinohradn\u00edcka obec\"  id='av-masonry-1-item-241' data-av-masonry-item='241' class='av-masonry-entry isotope-item post-241 attachment type-attachment status-inherit hentry media_category-promo  av-masonry-item-with-image' title=\"Winemaking\" alt=\"\"  data-av-masonry-custom-link=\"http:\/\/www.vinotop.sk\/pages\/en\/about-us.php?lang=EN\"  itemprop=\"thumbnailUrl\" ><div class='av-inner-masonry-sizer'><\/div><figure class='av-inner-masonry main_color'><div class=\"av-masonry-outerimage-container\"><div class='av-masonry-image-container' style=\"background-image: url(https:\/\/www.topolcianky.com\/_www\/wp-content\/uploads\/2016\/02\/PICT0012-720x480.jpg);\"  title=\"Winemaking\" ><\/div><\/div><figcaption class='av-inner-masonry-content site-background'><div class='av-inner-masonry-content-pos'><div class='av-inner-masonry-content-pos-content'><div class='avia-arrow'><\/div><h3 class='av-masonry-entry-title entry-title'  itemprop=\"headline\" >Winemaking<\/h3><\/div><\/div><\/figcaption><\/figure><\/a><!--end av-masonry entry--><a href=\"http:\/\/www.hradnastraz.sk\"  aria-label=\"image Pohodln\u00e9 ubytovanie\"  id='av-masonry-1-item-255' data-av-masonry-item='255' class='av-masonry-entry isotope-item post-255 attachment type-attachment status-inherit hentry media_category-promo  av-masonry-item-with-image' title=\"Accomodation\" alt=\"\"  data-av-masonry-custom-link=\"http:\/\/www.hradnastraz.sk\"  itemprop=\"thumbnailUrl\" ><div class='av-inner-masonry-sizer'><\/div><figure class='av-inner-masonry main_color'><div class=\"av-masonry-outerimage-container\"><div class='av-masonry-image-container' style=\"background-image: url(https:\/\/www.topolcianky.com\/_www\/wp-content\/uploads\/2016\/02\/P1110856-720x480.jpg);\"  title=\"Accomodation\" ><\/div><\/div><figcaption class='av-inner-masonry-content site-background'><div class='av-inner-masonry-content-pos'><div class='av-inner-masonry-content-pos-content'><div class='avia-arrow'><\/div><h3 class='av-masonry-entry-title entry-title'  itemprop=\"headline\" >Accomodation<\/h3><\/div><\/div><\/figcaption><\/figure><\/a><!--end av-masonry entry--><a href=\"http:\/\/www.parktopolcianky.sk\/\"  aria-label=\"image Anglick\u00fd park\"  id='av-masonry-1-item-231' data-av-masonry-item='231' class='av-masonry-entry isotope-item post-231 attachment type-attachment status-inherit hentry media_category-promo  av-masonry-item-with-image' title=\"Park\" alt=\"\"  data-av-masonry-custom-link=\"http:\/\/www.parktopolcianky.sk\/\"  itemprop=\"thumbnailUrl\" ><div class='av-inner-masonry-sizer'><\/div><figure class='av-inner-masonry main_color'><div class=\"av-masonry-outerimage-container\"><div class='av-masonry-image-container' style=\"background-image: url(https:\/\/www.topolcianky.com\/_www\/wp-content\/uploads\/2016\/02\/P1110691-720x540.jpg);\"  title=\"Park\" ><\/div><\/div><figcaption class='av-inner-masonry-content site-background'><div class='av-inner-masonry-content-pos'><div class='av-inner-masonry-content-pos-content'><div class='avia-arrow'><\/div><h3 class='av-masonry-entry-title entry-title'  itemprop=\"headline\" >Park<\/h3><\/div><\/div><\/figcaption><\/figure><\/a><!--end av-masonry entry--><\/div><\/div>\n<section  class='av_textblock_section av-2spt0-c624b30bf9fb0b054ba9305e33e80659'   itemscope=\"itemscope\" itemtype=\"https:\/\/schema.org\/CreativeWork\" ><div class='avia_textblock'  itemprop=\"text\" ><p style=\"text-align: justify;\">Topo\u013e\u010dianky is a cozy and peaceful country town lying at the ridge or Tribeca and Inovec mountains. Rich in tradition and history, with renowned castle and park, it's been used for many years as a presidents summer home. Location is also well known for national stud centre and wine making.<\/p>\n<\/div><\/section>","protected":false},"excerpt":{"rendered":"","protected":false},"author":2,"featured_media":0,"parent":0,"menu_order":0,"comment_status":"closed","ping_status":"closed","template":"","meta":{"footnotes":""},"class_list":["post-44","page","type-page","status-publish","hentry"],"_links":{"self":[{"href":"https:\/\/www.topolcianky.com\/en\/wp-json\/wp\/v2\/pages\/44","targetHints":{"allow":["GET"]}}],"collection":[{"href":"https:\/\/www.topolcianky.com\/en\/wp-json\/wp\/v2\/pages"}],"about":[{"href":"https:\/\/www.topolcianky.com\/en\/wp-json\/wp\/v2\/types\/page"}],"author":[{"embeddable":true,"href":"https:\/\/www.topolcianky.com\/en\/wp-json\/wp\/v2\/users\/2"}],"replies":[{"embeddable":true,"href":"https:\/\/www.topolcianky.com\/en\/wp-json\/wp\/v2\/comments?post=44"}],"version-history":[{"count":83,"href":"https:\/\/www.topolcianky.com\/en\/wp-json\/wp\/v2\/pages\/44\/revisions"}],"predecessor-version":[{"id":1360,"href":"https:\/\/www.topolcianky.com\/en\/wp-json\/wp\/v2\/pages\/44\/revisions\/1360"}],"wp:attachment":[{"href":"https:\/\/www.topolcianky.com\/en\/wp-json\/wp\/v2\/media?parent=44"}],"curies":[{"name":"wp","href":"https:\/\/api.w.org\/{rel}","templated":true}]}}